{"id":967,"date":"2018-08-21T03:50:51","date_gmt":"2018-08-21T03:50:51","guid":{"rendered":"http:\/\/webhaiquanvung4.ezhotel.vn\/?page_id=967"},"modified":"2019-03-25T04:56:57","modified_gmt":"2019-03-25T04:56:57","slug":"conference","status":"publish","type":"page","link":"https:\/\/navyhotelcamranh.com\/vi\/conference\/","title":{"rendered":"H\u1ed9i ngh\u1ecb"},"content":{"rendered":"<p><strong>PH\u00d2NG H\u1ed8I NGH\u1eca H\u1ea2I \u0110\u0102NG:<\/strong> c\u00f3 s\u1ee9c ch\u1ee9a t\u1ed1i \u0111a 200 kh\u00e1ch, \u0111\u01b0\u1ee3c thi\u1ebft k\u1ebf \u0111\u1eb7c bi\u1ec7t trang tr\u1ecdng v\u1edbi c\u00e1c trang thi\u1ebft b\u1ecb ph\u1ee5c v\u1ee5 h\u1ed9i h\u1ecdp nh\u01b0 b\u00e0n VIP, c\u00e1c h\u00e0ng gh\u1ebf \u0111\u01b0\u1ee3c thi\u1ebft k\u1ebf v\u1edbi \u0111\u1ed9 cao gi\u1eadt c\u1ea5p\u2026 \u0110i\u1ec1u \u0111\u1eb7c bi\u1ec7t l\u00e0 thi\u1ebft k\u1ebf n\u00e0y \u0111\u1ea3m b\u1ea3o nh\u1eefng v\u1ecb kh\u00e1ch tham d\u1ef1 ng\u1ed3i h\u00e0ng gh\u1ebf cu\u1ed1i c\u00f9ng v\u1eabn c\u00f3 th\u1ec3 d\u1ec5 d\u00e0ng theo d\u00f5i \u0111\u01b0\u1ee3c s\u00e2n kh\u1ea5u h\u1ed9i ngh\u1ecb; H\u01a1n n\u1eefa, H\u1ea3i \u0110\u0103ng c\u00f2n \u0111\u01b0\u1ee3c trang b\u1ecb \u0111\u1ea7y \u0111\u1ee7 m\u00e1y chi\u1ebfu, \u00e2m thanh, \u00e1nh s\u00e1ng chuy\u00ean nghi\u1ec7p. Navy Hotel cho thu\u00ea ph\u1ee5c v\u1ee5 h\u1ed9i ngh\u1ecb, h\u1ed9i th\u1ea3o theo t\u1eebng g\u00f3i linh ho\u1ea1t nh\u01b0 m\u1ed9t ng\u00e0y, n\u1eeda ng\u00e0y, hay theo gi\u1edd.<\/p>\n<p><div id='gallery-2' class='gallery galleryid-967 gallery-columns-1 gallery-size-full'><figure class='gallery-item'>\n\t\t\t<div class='gallery-icon landscape'>\n\t\t\t\t<a href='https:\/\/navyhotelcamranh.com\/wp-content\/uploads\/2019\/03\/IMG_5813.jpg' data-lightbox=\"gal[967]\"><img loading=\"lazy\" decoding=\"async\" width=\"3000\" height=\"2000\" src=\"https:\/\/navyhotelcamranh.com\/wp-content\/uploads\/2019\/03\/IMG_5813.jpg\" class=\"attachment-full size-full\" alt=\"\" srcset=\"https:\/\/navyhotelcamranh.com\/wp-content\/uploads\/2019\/03\/IMG_5813.jpg 3000w, https:\/\/navyhotelcamranh.com\/wp-content\/uploads\/2019\/03\/IMG_5813-300x200.jpg 300w, https:\/\/navyhotelcamranh.com\/wp-content\/uploads\/2019\/03\/IMG_5813-768x512.jpg 768w, https:\/\/navyhotelcamranh.com\/wp-content\/uploads\/2019\/03\/IMG_5813-1024x683.jpg 1024w, https:\/\/navyhotelcamranh.com\/wp-content\/uploads\/2019\/03\/IMG_5813-450x300.jpg 450w\" sizes=\"auto, (max-width: 3000px) 100vw, 3000px\" \/><\/a>\n\t\t\t<\/div><\/figure><figure class='gallery-item'>\n\t\t\t<div class='gallery-icon landscape'>\n\t\t\t\t<a href='https:\/\/navyhotelcamranh.com\/wp-content\/uploads\/2019\/03\/IMG_5824.jpg' data-lightbox=\"gal[967]\"><img loading=\"lazy\" decoding=\"async\" width=\"3000\" height=\"2000\" src=\"https:\/\/navyhotelcamranh.com\/wp-content\/uploads\/2019\/03\/IMG_5824.jpg\" class=\"attachment-full size-full\" alt=\"\" srcset=\"https:\/\/navyhotelcamranh.com\/wp-content\/uploads\/2019\/03\/IMG_5824.jpg 3000w, https:\/\/navyhotelcamranh.com\/wp-content\/uploads\/2019\/03\/IMG_5824-300x200.jpg 300w, https:\/\/navyhotelcamranh.com\/wp-content\/uploads\/2019\/03\/IMG_5824-768x512.jpg 768w, https:\/\/navyhotelcamranh.com\/wp-content\/uploads\/2019\/03\/IMG_5824-1024x683.jpg 1024w, https:\/\/navyhotelcamranh.com\/wp-content\/uploads\/2019\/03\/IMG_5824-450x300.jpg 450w\" sizes=\"auto, (max-width: 3000px) 100vw, 3000px\" \/><\/a>\n\t\t\t<\/div><\/figure><figure class='gallery-item'>\n\t\t\t<div class='gallery-icon landscape'>\n\t\t\t\t<a href='https:\/\/navyhotelcamranh.com\/wp-content\/uploads\/2019\/03\/IMG_5820.jpg' data-lightbox=\"gal[967]\"><img loading=\"lazy\" decoding=\"async\" width=\"3000\" height=\"2000\" src=\"https:\/\/navyhotelcamranh.com\/wp-content\/uploads\/2019\/03\/IMG_5820.jpg\" class=\"attachment-full size-full\" alt=\"\" srcset=\"https:\/\/navyhotelcamranh.com\/wp-content\/uploads\/2019\/03\/IMG_5820.jpg 3000w, https:\/\/navyhotelcamranh.com\/wp-content\/uploads\/2019\/03\/IMG_5820-300x200.jpg 300w, https:\/\/navyhotelcamranh.com\/wp-content\/uploads\/2019\/03\/IMG_5820-768x512.jpg 768w, https:\/\/navyhotelcamranh.com\/wp-content\/uploads\/2019\/03\/IMG_5820-1024x683.jpg 1024w, https:\/\/navyhotelcamranh.com\/wp-content\/uploads\/2019\/03\/IMG_5820-450x300.jpg 450w\" sizes=\"auto, (max-width: 3000px) 100vw, 3000px\" \/><\/a>\n\t\t\t<\/div><\/figure><figure class='gallery-item'>\n\t\t\t<div class='gallery-icon landscape'>\n\t\t\t\t<a href='https:\/\/navyhotelcamranh.com\/wp-content\/uploads\/2019\/03\/IMG_5816.jpg' data-lightbox=\"gal[967]\"><img loading=\"lazy\" decoding=\"async\" width=\"3000\" height=\"2000\" src=\"https:\/\/navyhotelcamranh.com\/wp-content\/uploads\/2019\/03\/IMG_5816.jpg\" class=\"attachment-full size-full\" alt=\"\" srcset=\"https:\/\/navyhotelcamranh.com\/wp-content\/uploads\/2019\/03\/IMG_5816.jpg 3000w, https:\/\/navyhotelcamranh.com\/wp-content\/uploads\/2019\/03\/IMG_5816-300x200.jpg 300w, https:\/\/navyhotelcamranh.com\/wp-content\/uploads\/2019\/03\/IMG_5816-768x512.jpg 768w, https:\/\/navyhotelcamranh.com\/wp-content\/uploads\/2019\/03\/IMG_5816-1024x683.jpg 1024w, https:\/\/navyhotelcamranh.com\/wp-content\/uploads\/2019\/03\/IMG_5816-450x300.jpg 450w\" sizes=\"auto, (max-width: 3000px) 100vw, 3000px\" \/><\/a>\n\t\t\t<\/div><\/figure>\n\t\t<\/div>\n<\/p>","protected":false},"excerpt":{"rendered":"<p>PH\u00d2NG H\u1ed8I NGH\u1eca H\u1ea2I \u0110\u0102NG: c\u00f3 s\u1ee9c ch\u1ee9a t\u1ed1i \u0111a 200 kh\u00e1ch, \u0111\u01b0\u1ee3c thi\u1ebft k\u1ebf \u0111\u1eb7c bi\u1ec7t trang tr\u1ecdng v\u1edbi c\u00e1c trang thi\u1ebft b\u1ecb ph\u1ee5c v\u1ee5 h\u1ed9i h\u1ecdp nh\u01b0 b\u00e0n VIP, c\u00e1c h\u00e0ng gh\u1ebf \u0111\u01b0\u1ee3c thi\u1ebft k\u1ebf v\u1edbi \u0111\u1ed9 cao gi\u1eadt c\u1ea5p\u2026 \u0110i\u1ec1u \u0111\u1eb7c bi\u1ec7t l\u00e0 thi\u1ebft k\u1ebf n\u00e0y \u0111\u1ea3m [&hellip;]<\/p>\n","protected":false},"author":1,"featured_media":1288,"parent":0,"menu_order":0,"comment_status":"closed","ping_status":"closed","template":"","meta":{"footnotes":""},"class_list":["post-967","page","type-page","status-publish","has-post-thumbnail","hentry"],"_links":{"self":[{"href":"https:\/\/navyhotelcamranh.com\/vi\/wp-json\/wp\/v2\/pages\/967","targetHints":{"allow":["GET"]}}],"collection":[{"href":"https:\/\/navyhotelcamranh.com\/vi\/wp-json\/wp\/v2\/pages"}],"about":[{"href":"https:\/\/navyhotelcamranh.com\/vi\/wp-json\/wp\/v2\/types\/page"}],"author":[{"embeddable":true,"href":"https:\/\/navyhotelcamranh.com\/vi\/wp-json\/wp\/v2\/users\/1"}],"replies":[{"embeddable":true,"href":"https:\/\/navyhotelcamranh.com\/vi\/wp-json\/wp\/v2\/comments?post=967"}],"version-history":[{"count":3,"href":"https:\/\/navyhotelcamranh.com\/vi\/wp-json\/wp\/v2\/pages\/967\/revisions"}],"predecessor-version":[{"id":1430,"href":"https:\/\/navyhotelcamranh.com\/vi\/wp-json\/wp\/v2\/pages\/967\/revisions\/1430"}],"wp:featuredmedia":[{"embeddable":true,"href":"https:\/\/navyhotelcamranh.com\/vi\/wp-json\/wp\/v2\/media\/1288"}],"wp:attachment":[{"href":"https:\/\/navyhotelcamranh.com\/vi\/wp-json\/wp\/v2\/media?parent=967"}],"curies":[{"name":"wp","href":"https:\/\/api.w.org\/{rel}","templated":true}]}}