{"id":95,"date":"2016-02-23T01:49:57","date_gmt":"2016-02-23T01:49:57","guid":{"rendered":"http:\/\/www.cssigniter.com\/preview\/zermatt\/?page_id=95"},"modified":"2025-10-07T15:41:06","modified_gmt":"2025-10-07T08:41:06","slug":"contact","status":"publish","type":"page","link":"https:\/\/navyhotelcamranh.com\/vi\/contact\/","title":{"rendered":"Li\u00ean h\u1ec7"},"content":{"rendered":"<p><div role=\"form\" class=\"wpcf7\" id=\"wpcf7-f168-o2\" lang=\"en-US\" dir=\"ltr\">\n<div class=\"screen-reader-response\"><\/div>\n<form action=\"\/vi\/wp-json\/wp\/v2\/pages\/95#wpcf7-f168-o2\" method=\"post\" class=\"wpcf7-form\" novalidate=\"novalidate\">\n<div style=\"display: none;\">\n<input type=\"hidden\" name=\"_wpcf7\" value=\"168\" \/>\n<input type=\"hidden\" name=\"_wpcf7_version\" value=\"5.0.1\" \/>\n<input type=\"hidden\" name=\"_wpcf7_locale\" value=\"en_US\" \/>\n<input type=\"hidden\" name=\"_wpcf7_unit_tag\" value=\"wpcf7-f168-o2\" \/>\n<input type=\"hidden\" name=\"_wpcf7_container_post\" value=\"0\" \/>\n<\/div>\n<p>T\u00ean c\u1ee7a b\u1ea1n (*)<br \/>\n    <span class=\"wpcf7-form-control-wrap your-name\"><input type=\"text\" name=\"your-name\" value=\"\" size=\"40\" class=\"wpcf7-form-control wpcf7-text wpcf7-validates-as-required\" aria-required=\"true\" aria-invalid=\"false\" \/><\/span> <\/p>\n<p>Email c\u1ee7a b\u1ea1n (*)<br \/>\n    <span class=\"wpcf7-form-control-wrap your-email\"><input type=\"email\" name=\"your-email\" value=\"\" size=\"40\" class=\"wpcf7-form-control wpcf7-text wpcf7-email wpcf7-validates-as-required wpcf7-validates-as-email\" aria-required=\"true\" aria-invalid=\"false\" \/><\/span> <\/p>\n<p>V\u1ea5n \u0111\u1ec1<br \/>\n    <span class=\"wpcf7-form-control-wrap your-subject\"><input type=\"text\" name=\"your-subject\" value=\"\" size=\"40\" class=\"wpcf7-form-control wpcf7-text\" aria-invalid=\"false\" \/><\/span> <\/p>\n<p>Th\u00f4ng \u0111i\u1ec7p c\u1ee7a b\u1ea1n<br \/>\n    <span class=\"wpcf7-form-control-wrap your-message\"><textarea name=\"your-message\" cols=\"40\" rows=\"10\" class=\"wpcf7-form-control wpcf7-textarea\" aria-invalid=\"false\"><\/textarea><\/span> <\/p>\n<p><input type=\"submit\" value=\"G\u1eedi\" class=\"wpcf7-form-control wpcf7-submit\" \/><\/p>\n<div class=\"wpcf7-response-output wpcf7-display-none\"><\/div><\/form><\/div><\/p>\n<p><b>KH\u00c1CH S\u1ea0N NAVY CAM RANH (KH\u00c1CH S\u1ea0N TR\u01af\u1edcNG SA)<\/b><\/p>\n<p><b>\u0110\u1ecba Ch\u1ec9<\/b> \u00a0\u00a0\u00a0\u00a0: 02A Nguy\u1ec5n Ch\u00ed Thanh, Ph\u01b0\u1eddng B\u1eafc Cam Ranh, T\u1ec9nh Kh\u00e1nh Ho\u00e0, Vi\u1ec7t Nam.<\/p>\n<p><b>\u0110i\u1ec7n tho\u1ea1i<\/b>: (+84) 258 \u2013\u00a0<span class=\"wmi-callto\">625 9988<\/span><\/p>\n<p><b>Fax\u00a0\u00a0\u00a0\u00a0 \u00a0\u00a0\u00a0\u00a0\u00a0\u00a0\u00a0\u00a0<\/b>: (+84) 258 \u2013\u00a0<span class=\"wmi-callto\">626 9988<\/span><\/p>\n<p><b>Email\u00a0\u00a0\u00a0<\/b>\u00a0\u00a0\u00a0\u00a0\u00a0:\u00a0\u00a0<a class=\"text-is-email\" href=\"mailto:reservations.cr@navyhotelgroup.com\">reservations.cr@navyhotelgroup.com<\/a><\/p>\n<p><b>Website\u00a0\u00a0\u00a0\u00a0<\/b>: http:\/\/<a class=\"daria-goto-anchor\" href=\"http:\/\/www.navyhotelcamranh.com\/\" target=\"_blank\" rel=\"noopener noreferrer\" data-vdir-href=\"https:\/\/mail.yandex.com\/re.jsx?uid=1130000033327844&amp;c=LIZA&amp;cv=16.8.4&amp;mid=168603511049683233&amp;h=a,UOccfi1b7QEPGB1A8xhB1w&amp;l=aHR0cDovL3d3dy5uYXZ5aG90ZWxjYW1yYW5oLmNvbS8\" data-orig-href=\"http:\/\/www.navyhotelcamranh.com\/\">www.navyhotelcamranh.com<\/a><\/p>\n<p><b>\u00a0<\/b><\/p>\n<p><b>V\u0102N PH\u00d2NG KINH DOANH<\/b><\/p>\n<p><b>\u0110\u1ecba Ch\u1ec9<\/b>\u00a0\u00a0\u00a0\u00a0\u00a0<b>\u00a0<\/b>: L\u1ea7u 1, s\u1ed1 11 Nguy\u1ec5n C\u00f4ng Tr\u1ee9, ph\u01b0\u1eddng Nguy\u1ec5n Th\u00e1i B\u00ecnh, qu\u1eadn 1, th\u00e0nh ph\u1ed1 H\u1ed3 Ch\u00ed Minh.<\/p>\n<p><b>\u0110i\u1ec7n tho\u1ea1i<\/b>\u00a0: (+84)\u00a0<span class=\"wmi-callto\">28 28 73018568<\/span><\/p>\n<p><b>Email\u00a0\u00a0 \u00a0\u00a0\u00a0\u00a0\u00a0\u00a0\u00a0<\/b>:\u00a0<a class=\"text-is-email\" href=\"mailto:info.cr@navyhotelgroup.com\">info.cr@navyhotelgroup.com<\/a><\/p>","protected":false},"excerpt":{"rendered":"<p>KH\u00c1CH S\u1ea0N NAVY CAM RANH (KH\u00c1CH S\u1ea0N TR\u01af\u1edcNG SA) \u0110\u1ecba Ch\u1ec9 \u00a0\u00a0\u00a0\u00a0: 02A Nguy\u1ec5n Ch\u00ed Thanh, Ph\u01b0\u1eddng B\u1eafc Cam Ranh, T\u1ec9nh Kh\u00e1nh Ho\u00e0, Vi\u1ec7t Nam. \u0110i\u1ec7n tho\u1ea1i: (+84) 258 \u2013\u00a0625 9988 Fax\u00a0\u00a0\u00a0\u00a0 \u00a0\u00a0\u00a0\u00a0\u00a0\u00a0\u00a0\u00a0: (+84) 258 \u2013\u00a0626 9988 Email\u00a0\u00a0\u00a0\u00a0\u00a0\u00a0\u00a0\u00a0:\u00a0\u00a0reservations.cr@navyhotelgroup.com Website\u00a0\u00a0\u00a0\u00a0: http:\/\/www.navyhotelcamranh.com \u00a0 V\u0102N PH\u00d2NG KINH DOANH \u0110\u1ecba Ch\u1ec9\u00a0\u00a0\u00a0\u00a0\u00a0\u00a0: L\u1ea7u 1, s\u1ed1 [&hellip;]<\/p>\n","protected":false},"author":1,"featured_media":0,"parent":0,"menu_order":0,"comment_status":"closed","ping_status":"closed","template":"template-contact.php","meta":{"footnotes":""},"class_list":["post-95","page","type-page","status-publish","hentry"],"_links":{"self":[{"href":"https:\/\/navyhotelcamranh.com\/vi\/wp-json\/wp\/v2\/pages\/95","targetHints":{"allow":["GET"]}}],"collection":[{"href":"https:\/\/navyhotelcamranh.com\/vi\/wp-json\/wp\/v2\/pages"}],"about":[{"href":"https:\/\/navyhotelcamranh.com\/vi\/wp-json\/wp\/v2\/types\/page"}],"author":[{"embeddable":true,"href":"https:\/\/navyhotelcamranh.com\/vi\/wp-json\/wp\/v2\/users\/1"}],"replies":[{"embeddable":true,"href":"https:\/\/navyhotelcamranh.com\/vi\/wp-json\/wp\/v2\/comments?post=95"}],"version-history":[{"count":10,"href":"https:\/\/navyhotelcamranh.com\/vi\/wp-json\/wp\/v2\/pages\/95\/revisions"}],"predecessor-version":[{"id":1829,"href":"https:\/\/navyhotelcamranh.com\/vi\/wp-json\/wp\/v2\/pages\/95\/revisions\/1829"}],"wp:attachment":[{"href":"https:\/\/navyhotelcamranh.com\/vi\/wp-json\/wp\/v2\/media?parent=95"}],"curies":[{"name":"wp","href":"https:\/\/api.w.org\/{rel}","templated":true}]}}