{"id":470,"date":"2017-10-30T12:40:55","date_gmt":"2017-10-30T12:40:55","guid":{"rendered":"http:\/\/ezhoamai.local\/?page_id=470"},"modified":"2019-04-02T03:42:09","modified_gmt":"2019-04-02T03:42:09","slug":"restaurant","status":"publish","type":"page","link":"https:\/\/navyhotelcamranh.com\/vi\/restaurant\/","title":{"rendered":"Restaurant"},"content":{"rendered":"<p>&nbsp;<\/p>\n<p><img loading=\"lazy\" decoding=\"async\" class=\"alignnone wp-image-1361 size-full\" src=\"http:\/\/webnavycamranh.ezhotel.vn\/wp-content\/uploads\/2017\/10\/chef-in-restaurant.jpg\" alt=\"\" width=\"900\" height=\"600\" srcset=\"https:\/\/navyhotelcamranh.com\/wp-content\/uploads\/2017\/10\/chef-in-restaurant.jpg 900w, https:\/\/navyhotelcamranh.com\/wp-content\/uploads\/2017\/10\/chef-in-restaurant-300x200.jpg 300w, https:\/\/navyhotelcamranh.com\/wp-content\/uploads\/2017\/10\/chef-in-restaurant-768x512.jpg 768w, https:\/\/navyhotelcamranh.com\/wp-content\/uploads\/2017\/10\/chef-in-restaurant-450x300.jpg 450w\" sizes=\"auto, (max-width: 900px) 100vw, 900px\" \/><\/p>\n<p><img loading=\"lazy\" decoding=\"async\" class=\"alignnone size-full wp-image-1356\" src=\"http:\/\/webnavycamranh.ezhotel.vn\/wp-content\/uploads\/2017\/10\/6bcce4518a72692c3063-1.jpg\" alt=\"\" width=\"1280\" height=\"853\" srcset=\"https:\/\/navyhotelcamranh.com\/wp-content\/uploads\/2017\/10\/6bcce4518a72692c3063-1.jpg 1280w, https:\/\/navyhotelcamranh.com\/wp-content\/uploads\/2017\/10\/6bcce4518a72692c3063-1-300x200.jpg 300w, https:\/\/navyhotelcamranh.com\/wp-content\/uploads\/2017\/10\/6bcce4518a72692c3063-1-768x512.jpg 768w, https:\/\/navyhotelcamranh.com\/wp-content\/uploads\/2017\/10\/6bcce4518a72692c3063-1-1024x682.jpg 1024w, https:\/\/navyhotelcamranh.com\/wp-content\/uploads\/2017\/10\/6bcce4518a72692c3063-1-450x300.jpg 450w\" sizes=\"auto, (max-width: 1280px) 100vw, 1280px\" \/><\/p>\n<p><em><strong>Qu\u00fd kh\u00e1ch h\u00e3y t\u1eadn h\u01b0\u1edfng tr\u1ea3i nghi\u1ec7m \u1ea9m th\u1ef1c t\u1ea1i c\u00e1c nh\u00e0 h\u00e0ng \u0111\u1eb7c bi\u1ec7t c\u1ee7a ch\u00fang t\u00f4i. V\u1edbi ngu\u1ed3n nguy\u00ean li\u1ec7u t\u01b0\u01a1i s\u1ed1ng \u0111\u01b0\u1ee3c l\u1ef1a ch\u1ecdn b\u1eb1ng c\u00e1c ti\u00eau chu\u1ea9n kh\u1eaft khe \u0111\u01b0\u1ee3c c\u00e1c \u0111\u1ea7u b\u1ebfp t\u00e0i n\u0103ng ch\u1ebf bi\u1ebfn th\u00e0nh h\u01b0\u01a1ng v\u1ecb \u0111\u00edch th\u1ef1c v\u1edbi tr\u1ea3i nghi\u1ec7m \u1ea9m th\u1ef1c l\u00e0m h\u00e0i l\u00f2ng ngay c\u1ea3 nh\u1eefng th\u1ef1c kh\u00e1ch s\u00e0nh \u0111i\u1ec7u nh\u1ea5t.<\/strong><\/em><\/p>\n<div id='gallery-6' class='gallery galleryid-470 gallery-columns-1 gallery-size-full'><figure class='gallery-item'>\n\t\t\t<div class='gallery-icon landscape'>\n\t\t\t\t<a href='https:\/\/navyhotelcamranh.com\/vi\/restaurant\/attachment\/1\/'><img loading=\"lazy\" decoding=\"async\" width=\"1400\" height=\"450\" src=\"https:\/\/navyhotelcamranh.com\/wp-content\/uploads\/2017\/10\/1-1.jpg\" class=\"attachment-full size-full\" alt=\"\" srcset=\"https:\/\/navyhotelcamranh.com\/wp-content\/uploads\/2017\/10\/1-1.jpg 1400w, https:\/\/navyhotelcamranh.com\/wp-content\/uploads\/2017\/10\/1-1-300x96.jpg 300w, https:\/\/navyhotelcamranh.com\/wp-content\/uploads\/2017\/10\/1-1-768x247.jpg 768w, https:\/\/navyhotelcamranh.com\/wp-content\/uploads\/2017\/10\/1-1-1024x329.jpg 1024w, https:\/\/navyhotelcamranh.com\/wp-content\/uploads\/2017\/10\/1-1-933x300.jpg 933w\" sizes=\"auto, (max-width: 1400px) 100vw, 1400px\" \/><\/a>\n\t\t\t<\/div><\/figure>\n\t\t<\/div>\n\n<p><strong>NH\u00c0 H\u00c0NG \u0110\u1ea0I D\u01af\u01a0NG<\/strong><\/p>\n<hr \/>\n<p><b>T<\/b>\u1ecda l\u1ea1c \u1edf t\u1ea7ng Tr\u1ec7t c\u1ee7a Kh\u00e1ch s\u1ea1n. Nh\u00e0 h\u00e0ng ho\u1ea1t \u0111\u1ed9ng c\u1ea3 ng\u00e0y v\u1edbi c\u00e1c th\u1ef1c \u0111\u01a1n phong ph\u00fa nh\u01b0 th\u1ef1c \u0111\u01a1n ti\u1ec7c, th\u1ef1c \u0111\u01a1n theo ph\u1ea7n ho\u1eb7c g\u1ecdi m\u00f3n \u0111\u1ea7y s\u00e1ng t\u1ea1o. Nh\u00e0 h\u00e0ng ph\u1ee5c v\u1ee5 theo y\u00eau c\u1ea7u v\u1edbi s\u1ee9c ch\u1ee9a 300 kh\u00e1ch. C\u00f9ng v\u1edbi \u0111\u1ed9i ng\u0169 nh\u00e2n vi\u00ean v\u00e0 c\u00e1c \u0111\u1ea7u b\u1ebfp chuy\u00ean nghi\u1ec7p, nh\u00e0 h\u00e0ng \u0110\u1ea0I D\u01af\u01a0NG s\u1ebd l\u00e0 n\u01a1i Qu\u00fd kh\u00e1ch tin t\u01b0\u1edfng t\u1ed5 ch\u1ee9c nh\u1eefng bu\u1ed5i ti\u1ec7c sang tr\u1ecdng, tr\u1ecdn v\u1eb9n v\u00e0 \u0111\u1ea7m \u1ea5m nh\u1ea5t.<\/p>\n<div id='gallery-7' class='gallery galleryid-470 gallery-columns-1 gallery-size-full'><figure class='gallery-item'>\n\t\t\t<div class='gallery-icon landscape'>\n\t\t\t\t<a href='https:\/\/navyhotelcamranh.com\/vi\/restaurant\/restaurant-business-990x517\/'><img loading=\"lazy\" decoding=\"async\" width=\"990\" height=\"517\" src=\"https:\/\/navyhotelcamranh.com\/wp-content\/uploads\/2017\/10\/Restaurant-Business-990x517-1.jpg\" class=\"attachment-full size-full\" alt=\"\" srcset=\"https:\/\/navyhotelcamranh.com\/wp-content\/uploads\/2017\/10\/Restaurant-Business-990x517-1.jpg 990w, https:\/\/navyhotelcamranh.com\/wp-content\/uploads\/2017\/10\/Restaurant-Business-990x517-1-300x157.jpg 300w, https:\/\/navyhotelcamranh.com\/wp-content\/uploads\/2017\/10\/Restaurant-Business-990x517-1-768x401.jpg 768w, https:\/\/navyhotelcamranh.com\/wp-content\/uploads\/2017\/10\/Restaurant-Business-990x517-1-574x300.jpg 574w\" sizes=\"auto, (max-width: 990px) 100vw, 990px\" \/><\/a>\n\t\t\t<\/div><\/figure>\n\t\t<\/div>\n\n<p><strong>NH\u00c0 H\u00c0NG TI\u1ec6C C\u01af\u1edaI SAN H\u00d4<\/strong><\/p>\n<hr \/>\n<p>l\u00e0 \u0111\u1ecba \u0111i\u1ec3m t\u1ed5 ch\u1ee9c s\u1ef1 ki\u1ec7n chuy\u00ean nghi\u1ec7p v\u00e0 \u0111\u00e1m c\u01b0\u1edbi l\u00e3ng m\u1ea1n, n\u1eb1m \u1edf l\u1ea7u 1 c\u1ee7a kh\u00e1ch s\u1ea1n, ph\u1ee5c v\u1ee5 t\u1edbi 450 kh\u00e1ch . Qu\u00fd kh\u00e1ch s\u1ebd c\u1ea3m th\u1ea5y tho\u1ea3i m\u00e1i v\u00e0 an t\u00e2m tr\u01b0\u1edbc s\u1ef1 \u0111a d\u1ea1ng v\u1ec1 \u1ea9m th\u1ef1c, ch\u1ea5t l\u01b0\u1ee3ng d\u1ecbch v\u1ee5 c\u1ee7a nh\u00e0 h\u00e0ng. C\u00f9ng v\u1edbi \u0111\u1ed9i ng\u0169 chuy\u00ean vi\u00ean t\u1ed5 ch\u1ee9c s\u1ef1 ki\u1ec7n, nh\u00e2n vi\u00ean ph\u1ee5c v\u1ee5 d\u00e0y d\u1eb7n kinh nghi\u1ec7m lu\u00f4n s\u1eb5n s\u00e0ng \u0111\u1ec3 ph\u1ee5c v\u1ee5 v\u00e0 h\u1ed7 tr\u1ee3 Qu\u00fd kh\u00e1ch, nh\u00e0 h\u00e0ng SAN H\u00d4 s\u1ebd \u0111\u1ed3ng h\u00e0nh c\u00f9ng kh\u00e1ch h\u00e0ng \u0111\u1ec3 t\u1ed5 ch\u1ee9c nh\u1eefng bu\u1ed5i l\u1ec5 sang tr\u1ecdng v\u00e0 tr\u1ecdn v\u1eb9n nh\u1ea5t.<\/p>\n<div id='gallery-8' class='gallery galleryid-470 gallery-columns-2 gallery-size-full'><figure class='gallery-item'>\n\t\t\t<div class='gallery-icon landscape'>\n\t\t\t\t<a href='https:\/\/navyhotelcamranh.com\/vi\/restaurant\/img_6122\/'><img loading=\"lazy\" decoding=\"async\" width=\"1024\" height=\"683\" src=\"https:\/\/navyhotelcamranh.com\/wp-content\/uploads\/2017\/10\/IMG_6122-1.jpg\" class=\"attachment-full size-full\" alt=\"\" srcset=\"https:\/\/navyhotelcamranh.com\/wp-content\/uploads\/2017\/10\/IMG_6122-1.jpg 1024w, https:\/\/navyhotelcamranh.com\/wp-content\/uploads\/2017\/10\/IMG_6122-1-300x200.jpg 300w, https:\/\/navyhotelcamranh.com\/wp-content\/uploads\/2017\/10\/IMG_6122-1-768x512.jpg 768w, https:\/\/navyhotelcamranh.com\/wp-content\/uploads\/2017\/10\/IMG_6122-1-450x300.jpg 450w\" sizes=\"auto, (max-width: 1024px) 100vw, 1024px\" \/><\/a>\n\t\t\t<\/div><\/figure><figure class='gallery-item'>\n\t\t\t<div class='gallery-icon landscape'>\n\t\t\t\t<a href='https:\/\/navyhotelcamranh.com\/vi\/restaurant\/an-loc-plaza-9\/'><img loading=\"lazy\" decoding=\"async\" width=\"1500\" height=\"998\" src=\"https:\/\/navyhotelcamranh.com\/wp-content\/uploads\/2017\/10\/an-loc-plaza-9-1.jpg\" class=\"attachment-full size-full\" alt=\"\" srcset=\"https:\/\/navyhotelcamranh.com\/wp-content\/uploads\/2017\/10\/an-loc-plaza-9-1.jpg 1500w, https:\/\/navyhotelcamranh.com\/wp-content\/uploads\/2017\/10\/an-loc-plaza-9-1-300x200.jpg 300w, https:\/\/navyhotelcamranh.com\/wp-content\/uploads\/2017\/10\/an-loc-plaza-9-1-768x511.jpg 768w, https:\/\/navyhotelcamranh.com\/wp-content\/uploads\/2017\/10\/an-loc-plaza-9-1-1024x681.jpg 1024w, https:\/\/navyhotelcamranh.com\/wp-content\/uploads\/2017\/10\/an-loc-plaza-9-1-451x300.jpg 451w\" sizes=\"auto, (max-width: 1500px) 100vw, 1500px\" \/><\/a>\n\t\t\t<\/div><\/figure>\n\t\t<\/div>\n\n<p><strong>PH\u00d2NG TI\u1ec6C VIP 1<\/strong><\/p>\n<hr \/>\n<p>Ph\u1ee5c v\u1ee5 ti\u1ec7c cho s\u1ed1 l\u01b0\u1ee3ng kh\u00e1ch VIP t\u1eeb 10 kh\u00e1ch t\u1edbi 30 kh\u00e1ch v\u1edbi thi\u1ebft k\u1ebf ti\u1ec7n nghi, ri\u00eang t\u01b0 v\u00e0 sang tr\u1ecdng. Ch\u00fang t\u00f4i mang t\u1edbi cho Qu\u00fd kh\u00e1ch tr\u1ea3i nghi\u1ec7m \u1ea9m th\u1ef1c trong nh\u00e0 \u0111\u1ea7y c\u1ea3m h\u1ee9ng. V\u1edbi nh\u1eefng th\u1ef1c \u0111\u1eb7c bi\u1ec7t cao c\u1ea5p \u0111\u1ed9i ng\u0169 nh\u00e2n vi\u00ean ph\u1ee5c v\u1ee5 chuy\u00ean nghi\u1ec7p, \u0111\u1ea7u b\u1ebfp danh ti\u1ebfng, Qu\u00fd kh\u00e1ch s\u1ebd c\u00f3 nh\u1eefng tr\u1ea3i nghi\u1ec7m \u1ea9m th\u1ef1c tuy\u1ec7t v\u1eddi t\u1ea1i Navy Hotel The Region IV.<\/p>\n<div id='gallery-9' class='gallery galleryid-470 gallery-columns-2 gallery-size-full'><figure class='gallery-item'>\n\t\t\t<div class='gallery-icon landscape'>\n\t\t\t\t<a href='https:\/\/navyhotelcamranh.com\/wp-content\/uploads\/2017\/10\/IMG_5791-1.jpg' data-lightbox=\"gal[470]\"><img loading=\"lazy\" decoding=\"async\" width=\"3000\" height=\"2000\" src=\"https:\/\/navyhotelcamranh.com\/wp-content\/uploads\/2017\/10\/IMG_5791-1.jpg\" class=\"attachment-full size-full\" alt=\"\" srcset=\"https:\/\/navyhotelcamranh.com\/wp-content\/uploads\/2017\/10\/IMG_5791-1.jpg 3000w, https:\/\/navyhotelcamranh.com\/wp-content\/uploads\/2017\/10\/IMG_5791-1-300x200.jpg 300w, https:\/\/navyhotelcamranh.com\/wp-content\/uploads\/2017\/10\/IMG_5791-1-768x512.jpg 768w, https:\/\/navyhotelcamranh.com\/wp-content\/uploads\/2017\/10\/IMG_5791-1-1024x683.jpg 1024w, https:\/\/navyhotelcamranh.com\/wp-content\/uploads\/2017\/10\/IMG_5791-1-450x300.jpg 450w\" sizes=\"auto, (max-width: 3000px) 100vw, 3000px\" \/><\/a>\n\t\t\t<\/div><\/figure><figure class='gallery-item'>\n\t\t\t<div class='gallery-icon landscape'>\n\t\t\t\t<a href='https:\/\/navyhotelcamranh.com\/wp-content\/uploads\/2017\/10\/a50215c126dac5849ccb-1.jpg' data-lightbox=\"gal[470]\"><img loading=\"lazy\" decoding=\"async\" width=\"5461\" height=\"3847\" src=\"https:\/\/navyhotelcamranh.com\/wp-content\/uploads\/2017\/10\/a50215c126dac5849ccb-1.jpg\" class=\"attachment-full size-full\" alt=\"\" srcset=\"https:\/\/navyhotelcamranh.com\/wp-content\/uploads\/2017\/10\/a50215c126dac5849ccb-1.jpg 5461w, https:\/\/navyhotelcamranh.com\/wp-content\/uploads\/2017\/10\/a50215c126dac5849ccb-1-300x211.jpg 300w, https:\/\/navyhotelcamranh.com\/wp-content\/uploads\/2017\/10\/a50215c126dac5849ccb-1-768x541.jpg 768w, https:\/\/navyhotelcamranh.com\/wp-content\/uploads\/2017\/10\/a50215c126dac5849ccb-1-1024x721.jpg 1024w, https:\/\/navyhotelcamranh.com\/wp-content\/uploads\/2017\/10\/a50215c126dac5849ccb-1-426x300.jpg 426w\" sizes=\"auto, (max-width: 5461px) 100vw, 5461px\" \/><\/a>\n\t\t\t<\/div><\/figure>\n\t\t<\/div>\n\n<p><strong>PH\u00d2NG TI\u1ec6C VIP 2<\/strong>:<\/p>\n<hr \/>\n<p>Ph\u1ee5c v\u1ee5 ti\u1ec7c cho s\u1ed1 l\u01b0\u1ee3ng kh\u00e1ch VIP t\u1eeb 10 kh\u00e1ch t\u1edbi 30 kh\u00e1ch v\u1edbi thi\u1ebft k\u1ebf ti\u1ec7n nghi, ri\u00eang t\u01b0 v\u00e0 sang tr\u1ecdng. Ch\u00fang t\u00f4i mang t\u1edbi cho Qu\u00fd kh\u00e1ch tr\u1ea3i nghi\u1ec7m \u1ea9m th\u1ef1c trong nh\u00e0 \u0111\u1ea7y c\u1ea3m h\u1ee9ng. V\u1edbi nh\u1eefng th\u1ef1c \u0111\u1eb7c bi\u1ec7t cao c\u1ea5p \u0111\u1ed9i ng\u0169 nh\u00e2n vi\u00ean ph\u1ee5c v\u1ee5 chuy\u00ean nghi\u1ec7p, \u0111\u1ea7u b\u1ebfp danh ti\u1ebfng, Qu\u00fd kh\u00e1ch s\u1ebd c\u00f3 nh\u1eefng tr\u1ea3i nghi\u1ec7m \u1ea9m th\u1ef1c tuy\u1ec7t v\u1eddi t\u1ea1i Navy Hotel The Region IV.<\/p>\n<p><div id='gallery-10' class='gallery galleryid-470 gallery-columns-1 gallery-size-full'><figure class='gallery-item'>\n\t\t\t<div class='gallery-icon landscape'>\n\t\t\t\t<a href='https:\/\/navyhotelcamranh.com\/wp-content\/uploads\/2017\/10\/IMG_5783-1.jpg' data-lightbox=\"gal[470]\"><img loading=\"lazy\" decoding=\"async\" width=\"3000\" height=\"2000\" src=\"https:\/\/navyhotelcamranh.com\/wp-content\/uploads\/2017\/10\/IMG_5783-1.jpg\" class=\"attachment-full size-full\" alt=\"\" srcset=\"https:\/\/navyhotelcamranh.com\/wp-content\/uploads\/2017\/10\/IMG_5783-1.jpg 3000w, https:\/\/navyhotelcamranh.com\/wp-content\/uploads\/2017\/10\/IMG_5783-1-300x200.jpg 300w, https:\/\/navyhotelcamranh.com\/wp-content\/uploads\/2017\/10\/IMG_5783-1-768x512.jpg 768w, https:\/\/navyhotelcamranh.com\/wp-content\/uploads\/2017\/10\/IMG_5783-1-1024x683.jpg 1024w, https:\/\/navyhotelcamranh.com\/wp-content\/uploads\/2017\/10\/IMG_5783-1-450x300.jpg 450w\" sizes=\"auto, (max-width: 3000px) 100vw, 3000px\" \/><\/a>\n\t\t\t<\/div><\/figure><figure class='gallery-item'>\n\t\t\t<div class='gallery-icon landscape'>\n\t\t\t\t<a href='https:\/\/navyhotelcamranh.com\/wp-content\/uploads\/2017\/10\/B9320972462Z.1_20160218120602_000_G2QDG5FHP.1-0-1.jpg' data-lightbox=\"gal[470]\"><img loading=\"lazy\" decoding=\"async\" width=\"1600\" height=\"800\" src=\"https:\/\/navyhotelcamranh.com\/wp-content\/uploads\/2017\/10\/B9320972462Z.1_20160218120602_000_G2QDG5FHP.1-0-1.jpg\" class=\"attachment-full size-full\" alt=\"\" srcset=\"https:\/\/navyhotelcamranh.com\/wp-content\/uploads\/2017\/10\/B9320972462Z.1_20160218120602_000_G2QDG5FHP.1-0-1.jpg 1600w, https:\/\/navyhotelcamranh.com\/wp-content\/uploads\/2017\/10\/B9320972462Z.1_20160218120602_000_G2QDG5FHP.1-0-1-300x150.jpg 300w, https:\/\/navyhotelcamranh.com\/wp-content\/uploads\/2017\/10\/B9320972462Z.1_20160218120602_000_G2QDG5FHP.1-0-1-768x384.jpg 768w, https:\/\/navyhotelcamranh.com\/wp-content\/uploads\/2017\/10\/B9320972462Z.1_20160218120602_000_G2QDG5FHP.1-0-1-1024x512.jpg 1024w, https:\/\/navyhotelcamranh.com\/wp-content\/uploads\/2017\/10\/B9320972462Z.1_20160218120602_000_G2QDG5FHP.1-0-1-600x300.jpg 600w\" sizes=\"auto, (max-width: 1600px) 100vw, 1600px\" \/><\/a>\n\t\t\t<\/div><\/figure><figure class='gallery-item'>\n\t\t\t<div class='gallery-icon portrait'>\n\t\t\t\t<a href='https:\/\/navyhotelcamranh.com\/wp-content\/uploads\/2017\/10\/6704bafc7de49ebac7f5.jpg' data-lightbox=\"gal[470]\"><img loading=\"lazy\" decoding=\"async\" width=\"4000\" height=\"4050\" src=\"https:\/\/navyhotelcamranh.com\/wp-content\/uploads\/2017\/10\/6704bafc7de49ebac7f5.jpg\" class=\"attachment-full size-full\" alt=\"\" srcset=\"https:\/\/navyhotelcamranh.com\/wp-content\/uploads\/2017\/10\/6704bafc7de49ebac7f5.jpg 4000w, https:\/\/navyhotelcamranh.com\/wp-content\/uploads\/2017\/10\/6704bafc7de49ebac7f5-296x300.jpg 296w, https:\/\/navyhotelcamranh.com\/wp-content\/uploads\/2017\/10\/6704bafc7de49ebac7f5-768x778.jpg 768w, https:\/\/navyhotelcamranh.com\/wp-content\/uploads\/2017\/10\/6704bafc7de49ebac7f5-1011x1024.jpg 1011w, https:\/\/navyhotelcamranh.com\/wp-content\/uploads\/2017\/10\/6704bafc7de49ebac7f5-100x100.jpg 100w\" sizes=\"auto, (max-width: 4000px) 100vw, 4000px\" \/><\/a>\n\t\t\t<\/div><\/figure><figure class='gallery-item'>\n\t\t\t<div class='gallery-icon landscape'>\n\t\t\t\t<a href='https:\/\/navyhotelcamranh.com\/wp-content\/uploads\/2017\/10\/4f160a06cd1e2e40770f.jpg' data-lightbox=\"gal[470]\"><img loading=\"lazy\" decoding=\"async\" width=\"3796\" height=\"2874\" src=\"https:\/\/navyhotelcamranh.com\/wp-content\/uploads\/2017\/10\/4f160a06cd1e2e40770f.jpg\" class=\"attachment-full size-full\" alt=\"\" srcset=\"https:\/\/navyhotelcamranh.com\/wp-content\/uploads\/2017\/10\/4f160a06cd1e2e40770f.jpg 3796w, https:\/\/navyhotelcamranh.com\/wp-content\/uploads\/2017\/10\/4f160a06cd1e2e40770f-300x227.jpg 300w, https:\/\/navyhotelcamranh.com\/wp-content\/uploads\/2017\/10\/4f160a06cd1e2e40770f-768x581.jpg 768w, https:\/\/navyhotelcamranh.com\/wp-content\/uploads\/2017\/10\/4f160a06cd1e2e40770f-1024x775.jpg 1024w, https:\/\/navyhotelcamranh.com\/wp-content\/uploads\/2017\/10\/4f160a06cd1e2e40770f-396x300.jpg 396w\" sizes=\"auto, (max-width: 3796px) 100vw, 3796px\" \/><\/a>\n\t\t\t<\/div><\/figure><figure class='gallery-item'>\n\t\t\t<div class='gallery-icon portrait'>\n\t\t\t\t<a href='https:\/\/navyhotelcamranh.com\/wp-content\/uploads\/2017\/10\/e21f64bda3a540fb19b4.jpg' data-lightbox=\"gal[470]\"><img loading=\"lazy\" decoding=\"async\" width=\"4000\" height=\"4433\" src=\"https:\/\/navyhotelcamranh.com\/wp-content\/uploads\/2017\/10\/e21f64bda3a540fb19b4.jpg\" class=\"attachment-full size-full\" alt=\"\" srcset=\"https:\/\/navyhotelcamranh.com\/wp-content\/uploads\/2017\/10\/e21f64bda3a540fb19b4.jpg 4000w, https:\/\/navyhotelcamranh.com\/wp-content\/uploads\/2017\/10\/e21f64bda3a540fb19b4-271x300.jpg 271w, https:\/\/navyhotelcamranh.com\/wp-content\/uploads\/2017\/10\/e21f64bda3a540fb19b4-768x851.jpg 768w, https:\/\/navyhotelcamranh.com\/wp-content\/uploads\/2017\/10\/e21f64bda3a540fb19b4-924x1024.jpg 924w\" sizes=\"auto, (max-width: 4000px) 100vw, 4000px\" \/><\/a>\n\t\t\t<\/div><\/figure>\n\t\t<\/div>\n<\/p>","protected":false},"excerpt":{"rendered":"<p>&nbsp; Qu\u00fd kh\u00e1ch h\u00e3y t\u1eadn h\u01b0\u1edfng tr\u1ea3i nghi\u1ec7m \u1ea9m th\u1ef1c t\u1ea1i c\u00e1c nh\u00e0 h\u00e0ng \u0111\u1eb7c bi\u1ec7t c\u1ee7a ch\u00fang t\u00f4i. V\u1edbi ngu\u1ed3n nguy\u00ean li\u1ec7u t\u01b0\u01a1i s\u1ed1ng \u0111\u01b0\u1ee3c l\u1ef1a ch\u1ecdn b\u1eb1ng c\u00e1c ti\u00eau chu\u1ea9n kh\u1eaft khe \u0111\u01b0\u1ee3c c\u00e1c \u0111\u1ea7u b\u1ebfp t\u00e0i n\u0103ng ch\u1ebf bi\u1ebfn th\u00e0nh h\u01b0\u01a1ng v\u1ecb \u0111\u00edch th\u1ef1c v\u1edbi tr\u1ea3i nghi\u1ec7m [&hellip;]<\/p>\n","protected":false},"author":1,"featured_media":1365,"parent":0,"menu_order":0,"comment_status":"closed","ping_status":"closed","template":"","meta":{"footnotes":""},"class_list":["post-470","page","type-page","status-publish","has-post-thumbnail","hentry"],"_links":{"self":[{"href":"https:\/\/navyhotelcamranh.com\/vi\/wp-json\/wp\/v2\/pages\/470","targetHints":{"allow":["GET"]}}],"collection":[{"href":"https:\/\/navyhotelcamranh.com\/vi\/wp-json\/wp\/v2\/pages"}],"about":[{"href":"https:\/\/navyhotelcamranh.com\/vi\/wp-json\/wp\/v2\/types\/page"}],"author":[{"embeddable":true,"href":"https:\/\/navyhotelcamranh.com\/vi\/wp-json\/wp\/v2\/users\/1"}],"replies":[{"embeddable":true,"href":"https:\/\/navyhotelcamranh.com\/vi\/wp-json\/wp\/v2\/comments?post=470"}],"version-history":[{"count":2,"href":"https:\/\/navyhotelcamranh.com\/vi\/wp-json\/wp\/v2\/pages\/470\/revisions"}],"predecessor-version":[{"id":1370,"href":"https:\/\/navyhotelcamranh.com\/vi\/wp-json\/wp\/v2\/pages\/470\/revisions\/1370"}],"wp:featuredmedia":[{"embeddable":true,"href":"https:\/\/navyhotelcamranh.com\/vi\/wp-json\/wp\/v2\/media\/1365"}],"wp:attachment":[{"href":"https:\/\/navyhotelcamranh.com\/vi\/wp-json\/wp\/v2\/media?parent=470"}],"curies":[{"name":"wp","href":"https:\/\/api.w.org\/{rel}","templated":true}]}}